{"id":264,"date":"2016-04-04T21:23:56","date_gmt":"2016-04-04T18:23:56","guid":{"rendered":"http:\/\/www.9sac.com\/?page_id=264"},"modified":"2023-06-15T11:37:37","modified_gmt":"2023-06-15T08:37:37","slug":"hakkimizda","status":"publish","type":"page","link":"https:\/\/www.9sac.com\/es\/hakkimizda\/","title":{"rendered":"Hakk\u0131m\u0131zda"},"content":{"rendered":"<p>Sa\u00e7 Modelleri, sa\u00e7 Renkleri ve sa\u00e7 bak\u0131m\u0131 konular\u0131, kad\u0131nlar\u0131n \u00fczerilerinde en fazla durduklar\u0131 mevzulardan birisidir. Her ya\u015fta kad\u0131n kesin bir \u015fekilde sa\u00e7 d\u00fcnyas\u0131 ile alakas\u0131 vard\u0131r. en \u00e7ok da gen\u00e7lik d\u00f6nemlerinden sonra ki bu durum kendisini daha \u00e7ok belli etmeye vuku bulur. Tabi ki teknolojinin getirmi\u015f oldu\u011fu konuya ili\u015fkin bilgilerin edinimi \u00e7ok daha basit ula\u015f\u0131labildi\u011fini belirtmemiz gerekiyor. \u0130nternet web sitelerinin bu manada en iyi veri kaynaklar oldu\u011funu kesinlikle belirtmek gereklidir. 9sac.com b\u00fct\u00fcn bu fark\u0131ndal\u0131klardan ziyade daha da farkl\u0131 bir mevzu \u00fcst\u00fcnde \u00e7al\u0131\u015fmalar\u0131n\u0131 yaparak web sitemizin takip\u00e7ileri i\u00e7in sa\u00e7 konusunda t\u00fcm bilgilere eri\u015fmesine olanak sa\u011flamaktad\u0131r. Sadece T\u00fcrkiye 'de yap\u0131lan sa\u00e7 modelleri ve renkleri, yabanc\u0131 devletlerdeki kad\u0131nlar\u0131n yapt\u0131klar\u0131 sa\u00e7 modelleri, renkleri, bak\u0131m ve ipu\u00e7lar\u0131 alan\u0131nda bilgiler payla\u015fmaktay\u0131z. Farkl\u0131 kategorilere ayr\u0131lm\u0131\u015f veri yap\u0131s\u0131yla kolay eri\u015filebilir men\u00fc yap\u0131s\u0131yla istemi\u015f oldu\u011funuz sa\u00e7 fikirlerine tek bir t\u0131kla ula\u015fabileceksiniz. 9sac.com ile daha da farkl\u0131 sa\u00e7 modelleri geli\u015ftirecek ve g\u00fczelli\u011finize g\u00fczellik katacaks\u0131n\u0131z.<\/p>\n<p>Web sitemiz de b\u00fct\u00fcn bu bilgilerin yan\u0131s\u0131ra sa\u00e7 derisi ve cilt bak\u0131m\u0131 konular\u0131 \u00fczerindede bilgilendirme \u00e7abas\u0131nday\u0131z. Sa\u00e7lar\u0131n\u0131za bak\u0131m yaparken dipnotlara ana fikre ula\u015fmak ad\u0131na gezinebilece\u011finiz sitemiz i\u00e7erisinde. Yine T\u00fcrkiye 'de ve D\u00fcnya \u00e7ap\u0131nda bu alanda kendilerini geli\u015ftirmi\u015f ve uzmanl\u0131klar\u0131n\u0131 kan\u0131tlam\u0131\u015f profesyonellerden fikirlerinin al\u0131nt\u0131 yap\u0131larak daha g\u00fczel sa\u00e7 bak\u0131m\u0131 bilgileri edinme konusunda sitemiz ce size yard\u0131mc\u0131 olaca\u011f\u0131z. Her g\u00fcn g\u00fcncel makaleler ile siz de\u011ferli takip\u00e7ilerimize taze bilgiler payla\u015fma noktas\u0131nda ekibimiz s\u00fcrekli \u00e7al\u0131\u015fmalar yapmakta ve sizin beklemi\u015f oldu\u011funuzdan dahada fazla veriyi bir arada edinme \u015fans\u0131n\u0131 9sac.com da bulabileceksiniz.<\/p>\n<p>G\u00fczellik konular\u0131 kapsam\u0131nda kad\u0131nlar i\u00e7in en \u00e7ok bilinmesi gereken konu sa\u00e7 t\u0131r. Gerek bak\u0131m\u0131 gerekse modelleri \u00fcst\u00fcnde yapm\u0131\u015f oldu\u011fumuz d\u00fcnya \u00e7ap\u0131ndaki ara\u015ft\u0131rmalar\u0131 sizlere t\u00fcrk\u00e7e makaleler ile sunuyoruz. Sa\u00e7 renkleri mevzusunda T\u00fcrkiye 'de ve D\u00fcnya genellemesinde trend bilgileri sunman\u0131n yan\u0131nda detayl\u0131 bilgilerde sunarak dahada basit b\u011fr \u015fekilde sa\u00e7lar\u0131n\u0131za \u015fekil vermenizi sa\u011flam\u0131\u015f oluyoruz.<\/p>\n<p>Bilgileri ilk kayna\u011f\u0131ndan edinerek ziyaret\u00e7ilerimize kendi dilimizde sunman\u0131n keyfini ya\u015f\u0131yoruz. \u00d6zellikle <strong>Sa\u00e7 modelleri<\/strong>, <strong>Sa\u00e7 Renkleri<\/strong> ve <strong>Sa\u00e7 bak\u0131m\u0131<\/strong> konular\u0131ndan b\u00fct\u00fcn bilgilere sitemizden eri\u015febilirsiniz. Hem trendleri ve sa\u00e7 konusunda moday\u0131 keyifli bir \u015fekilde takip ederek hemde g\u00fczelli\u011fini koruma alt\u0131na almak maksad\u0131yla <strong>9sac.com<\/strong> olarak size hizmet etmekten mutluluk duyuyoruz.<\/p>\n","protected":false},"excerpt":{"rendered":"<p>Sa\u00e7 Modelleri, sa\u00e7 Renkleri ve sa\u00e7 bak\u0131m\u0131 konular\u0131, kad\u0131nlar\u0131n \u00fczerilerinde en fazla durduklar\u0131 mevzulardan birisidir. Her ya\u015fta kad\u0131n kesin bir \u015fekilde sa\u00e7 d\u00fcnyas\u0131 ile alakas\u0131 vard\u0131r. en \u00e7ok da gen\u00e7lik d\u00f6nemlerinden sonra ki bu durum kendisini daha \u00e7ok belli etmeye vuku bulur. Tabi ki teknolojinin getirmi\u015f oldu\u011fu konuya ili\u015fkin bilgilerin edinimi \u00e7ok daha basit ula\u015f\u0131labildi\u011fini belirtmemiz gerekiyor. \u0130nternet web sitelerinin bu manada en iyi veri kaynaklar oldu\u011funu kesinlikle belirtmek gereklidir. 9sac.com b\u00fct\u00fcn bu fark\u0131ndal\u0131klardan ziyade daha da farkl\u0131 bir mevzu \u00fcst\u00fcnde \u00e7al\u0131\u015fmalar\u0131n\u0131 yaparak web sitemizin takip\u00e7ileri i\u00e7in sa\u00e7 konusunda t\u00fcm bilgilere eri\u015fmesine olanak sa\u011flamaktad\u0131r. Sadece T\u00fcrkiye 'de yap\u0131lan sa\u00e7 modelleri ve renkleri, yabanc\u0131 devletlerdeki kad\u0131nlar\u0131n yapt\u0131klar\u0131 sa\u00e7 modelleri, renkleri, bak\u0131m ve ipu\u00e7lar\u0131 alan\u0131nda bilgiler payla\u015fmaktay\u0131z. Farkl\u0131 kategorilere ayr\u0131lm\u0131\u015f veri yap\u0131s\u0131yla kolay eri\u015filebilir men\u00fc yap\u0131s\u0131yla istemi\u015f oldu\u011funuz sa\u00e7 fikirlerine tek bir t\u0131kla ula\u015fabileceksiniz. 9sac.com ile daha da farkl\u0131 sa\u00e7 modelleri geli\u015ftirecek ve g\u00fczelli\u011finize g\u00fczellik katacaks\u0131n\u0131z.<\/p>\n<p>Web sitemiz de b\u00fct\u00fcn bu bilgilerin yan\u0131s\u0131ra sa\u00e7 derisi ve cilt bak\u0131m\u0131 konular\u0131 \u00fczerindede bilgilendirme \u00e7abas\u0131nday\u0131z. Sa\u00e7lar\u0131n\u0131za bak\u0131m yaparken dipnotlara ana fikre ula\u015fmak ad\u0131na gezinebilece\u011finiz sitemiz i\u00e7erisinde. Yine T\u00fcrkiye 'de ve D\u00fcnya \u00e7ap\u0131nda bu alanda kendilerini geli\u015ftirmi\u015f ve uzmanl\u0131klar\u0131n\u0131 kan\u0131tlam\u0131\u015f profesyonellerden fikirlerinin al\u0131nt\u0131 yap\u0131larak daha g\u00fczel sa\u00e7 bak\u0131m\u0131 bilgileri edinme konusunda sitemiz ce size yard\u0131mc\u0131 olaca\u011f\u0131z. Her g\u00fcn g\u00fcncel makaleler ile siz de\u011ferli takip\u00e7ilerimize taze bilgiler payla\u015fma noktas\u0131nda ekibimiz s\u00fcrekli \u00e7al\u0131\u015fmalar yapmakta ve sizin beklemi\u015f oldu\u011funuzdan dahada fazla veriyi bir arada edinme \u015fans\u0131n\u0131 9sac.com da bulabileceksiniz.<\/p>\n<p>G\u00fczellik konular\u0131 kapsam\u0131nda kad\u0131nlar i\u00e7in en \u00e7ok bilinmesi gereken konu sa\u00e7 t\u0131r. Gerek bak\u0131m\u0131 gerekse modelleri \u00fcst\u00fcnde yapm\u0131\u015f oldu\u011fumuz d\u00fcnya \u00e7ap\u0131ndaki ara\u015ft\u0131rmalar\u0131 sizlere t\u00fcrk\u00e7e makaleler ile sunuyoruz. Sa\u00e7 renkleri mevzusunda T\u00fcrkiye 'de ve D\u00fcnya genellemesinde trend bilgileri sunman\u0131n yan\u0131nda detayl\u0131 bilgilerde sunarak dahada basit b\u011fr \u015fekilde sa\u00e7lar\u0131n\u0131za \u015fekil vermenizi sa\u011flam\u0131\u015f oluyoruz.<\/p>\n<p>Bilgileri ilk kayna\u011f\u0131ndan edinerek ziyaret\u00e7ilerimize kendi dilimizde sunman\u0131n keyfini ya\u015f\u0131yoruz. \u00d6zellikle Sa\u00e7 modelleri, Sa\u00e7 Renkleri ve Sa\u00e7 bak\u0131m\u0131 konular\u0131ndan b\u00fct\u00fcn bilgilere sitemizden eri\u015febilirsiniz. Hem trendleri ve sa\u00e7 konusunda moday\u0131 keyifli bir \u015fekilde takip ederek hemde g\u00fczelli\u011fini koruma alt\u0131na almak maksad\u0131yla 9sac.com olarak size hizmet etmekten mutluluk duyuyoruz.<\/p>\n","protected":false},"author":1,"featured_media":0,"parent":0,"menu_order":0,"comment_status":"closed","ping_status":"closed","template":"","meta":{"footnotes":""},"_links":{"self":[{"href":"https:\/\/www.9sac.com\/es\/wp-json\/wp\/v2\/pages\/264"}],"collection":[{"href":"https:\/\/www.9sac.com\/es\/wp-json\/wp\/v2\/pages"}],"about":[{"href":"https:\/\/www.9sac.com\/es\/wp-json\/wp\/v2\/types\/page"}],"author":[{"embeddable":true,"href":"https:\/\/www.9sac.com\/es\/wp-json\/wp\/v2\/users\/1"}],"replies":[{"embeddable":true,"href":"https:\/\/www.9sac.com\/es\/wp-json\/wp\/v2\/comments?post=264"}],"version-history":[{"count":1,"href":"https:\/\/www.9sac.com\/es\/wp-json\/wp\/v2\/pages\/264\/revisions"}],"predecessor-version":[{"id":5006,"href":"https:\/\/www.9sac.com\/es\/wp-json\/wp\/v2\/pages\/264\/revisions\/5006"}],"wp:attachment":[{"href":"https:\/\/www.9sac.com\/es\/wp-json\/wp\/v2\/media?parent=264"}],"curies":[{"name":"wp","href":"https:\/\/api.w.org\/{rel}","templated":true}]}}